{"id":5,"date":"2022-04-21T12:52:14","date_gmt":"2022-04-21T10:52:14","guid":{"rendered":"http:\/\/joeymartinluthier.fr\/?page_id=5"},"modified":"2026-03-25T06:22:56","modified_gmt":"2026-03-25T05:22:56","slug":"page-daccueil","status":"publish","type":"page","link":"https:\/\/joeymartinluthier.fr\/","title":{"rendered":"Page d&rsquo;accueil"},"content":{"rendered":"\n<h1 class=\"wp-block-heading alignfull has-text-align-center has-text-align-wide has-text-color has-gigantic-font-size\" style=\"color:#f9a045;line-height:1.1\">Joey MARTIN Luthier<\/h1>\n\n\n\n<h3 class=\"wp-block-heading has-text-align-center has-white-color has-text-color\"><strong><em>Fabrications, R\u00e9parations, Stages, Bobinage micros <\/em><\/strong><\/h3>\n\n\n\n<figure class=\"wp-block-image size-large\"><img loading=\"lazy\" decoding=\"async\" width=\"1024\" height=\"683\" src=\"https:\/\/joeymartinluthier.fr\/wp-content\/uploads\/2024\/05\/WhatsApp-Image-2024-03-24-at-13.36.48-1024x683.jpeg\" alt=\"\" class=\"wp-image-400\" srcset=\"https:\/\/joeymartinluthier.fr\/wp-content\/uploads\/2024\/05\/WhatsApp-Image-2024-03-24-at-13.36.48-1024x683.jpeg 1024w, https:\/\/joeymartinluthier.fr\/wp-content\/uploads\/2024\/05\/WhatsApp-Image-2024-03-24-at-13.36.48-300x200.jpeg 300w, https:\/\/joeymartinluthier.fr\/wp-content\/uploads\/2024\/05\/WhatsApp-Image-2024-03-24-at-13.36.48-768x512.jpeg 768w, https:\/\/joeymartinluthier.fr\/wp-content\/uploads\/2024\/05\/WhatsApp-Image-2024-03-24-at-13.36.48-1536x1024.jpeg 1536w, https:\/\/joeymartinluthier.fr\/wp-content\/uploads\/2024\/05\/WhatsApp-Image-2024-03-24-at-13.36.48.jpeg 1560w\" sizes=\"auto, (max-width: 1024px) 100vw, 1024px\" \/><\/figure>\n\n\n\n<div class=\"wp-block-columns alignwide are-vertically-aligned-top is-layout-flex wp-container-core-columns-is-layout-9d6595d7 wp-block-columns-is-layout-flex\">\n<div class=\"wp-block-column is-vertically-aligned-top is-layout-flow wp-block-column-is-layout-flow\">\n<h3 class=\"wp-block-heading\">Qui suis-je ? <\/h3>\n\n\n\n<p>C&rsquo;est dans la commune de Pagny sur Moselle, au 1 rue du 11 novembre , que vous trouverez mon atelier de lutherie.<\/p>\n\n\n\n<p>Guitariste autodidacte , j&rsquo;ai aussi commenc\u00e9 la lutherie en autodidacte, jusqu&rsquo;\u00e0 mon int\u00e9gration de l&rsquo;ITEMM( Institue technologique des m\u00e9tiers de la musique ) <\/p>\n<\/div>\n\n\n\n<div class=\"wp-block-column is-layout-flow wp-block-column-is-layout-flow\">\n<figure class=\"wp-block-image size-large\"><img loading=\"lazy\" decoding=\"async\" width=\"683\" height=\"1024\" src=\"https:\/\/joeymartinluthier.fr\/wp-content\/uploads\/2024\/03\/WhatsApp-Image-2024-02-17-at-21.28.58-683x1024.jpeg\" alt=\"\" class=\"wp-image-388\" srcset=\"https:\/\/joeymartinluthier.fr\/wp-content\/uploads\/2024\/03\/WhatsApp-Image-2024-02-17-at-21.28.58-683x1024.jpeg 683w, https:\/\/joeymartinluthier.fr\/wp-content\/uploads\/2024\/03\/WhatsApp-Image-2024-02-17-at-21.28.58-200x300.jpeg 200w, https:\/\/joeymartinluthier.fr\/wp-content\/uploads\/2024\/03\/WhatsApp-Image-2024-02-17-at-21.28.58-768x1152.jpeg 768w, https:\/\/joeymartinluthier.fr\/wp-content\/uploads\/2024\/03\/WhatsApp-Image-2024-02-17-at-21.28.58-1024x1536.jpeg 1024w, https:\/\/joeymartinluthier.fr\/wp-content\/uploads\/2024\/03\/WhatsApp-Image-2024-02-17-at-21.28.58.jpeg 1040w\" sizes=\"auto, (max-width: 683px) 100vw, 683px\" \/><\/figure>\n<\/div>\n\n\n\n<div class=\"wp-block-column is-vertically-aligned-top is-layout-flow wp-block-column-is-layout-flow\">\n<h3 class=\"wp-block-heading\">Mon parcours.<\/h3>\n\n\n\n<p>J&rsquo;ai effectu\u00e9 un CAP atim option guitare en 2019, ont suivi de nombreux stages chez des luthiers r\u00e9put\u00e9s, fabricant de micros ( Benedetti ) puis un atelier pendant 2 ans sur Nancy , un emploi dans un magasin de musique , me voici aujourd&rsquo;hui \u00e0 Pagny sur Moselle avec plus de 70 guitares fabriqu\u00e9es.<\/p>\n<\/div>\n<\/div>\n\n\n\n<div style=\"height:22px\" aria-hidden=\"true\" class=\"wp-block-spacer\"><\/div>\n\n\n\n<div class=\"wp-block-columns is-layout-flex wp-container-core-columns-is-layout-9d6595d7 wp-block-columns-is-layout-flex\">\n<div class=\"wp-block-column is-layout-flow wp-block-column-is-layout-flow\">\n<p class=\"has-text-color has-extra-large-font-size\" style=\"color:#f9a045\">Nouveaut\u00e9s !!  <\/p>\n<\/div>\n\n\n\n<div class=\"wp-block-column is-layout-flow wp-block-column-is-layout-flow\">\n<p class=\"has-text-align-center has-text-color has-large-font-size\" style=\"color:#f9a045\">Stages r\u00e9glage : formation compl\u00e8te avec m\u00e9thode 450 e <\/p>\n\n\n\n<div class=\"wp-block-group alignwide is-nowrap is-layout-flex wp-container-core-group-is-layout-ad2f72ca wp-block-group-is-layout-flex\"><\/div>\n<\/div>\n<\/div>\n\n\n\n<figure class=\"wp-block-gallery has-nested-images columns-default is-cropped wp-block-gallery-1 is-layout-flex wp-block-gallery-is-layout-flex\"><\/figure>\n\n\n\n<figure class=\"wp-block-gallery alignwide has-nested-images columns-default is-cropped wp-block-gallery-2 is-layout-flex wp-block-gallery-is-layout-flex\">\n<figure class=\"wp-block-image size-large\"><img decoding=\"async\" data-id=\"554\" src=\"https:\/\/joeymartinluthier.fr\/wp-content\/uploads\/2026\/03\/2Z0A0373.jpg\" alt=\"\" class=\"wp-image-554\"\/><\/figure>\n<\/figure>\n\n\n\n<figure class=\"wp-block-gallery alignwide has-nested-images columns-default is-cropped wp-block-gallery-3 is-layout-flex wp-block-gallery-is-layout-flex\">\n<figure class=\"wp-block-image size-large\"><img loading=\"lazy\" decoding=\"async\" width=\"1024\" height=\"1024\" data-id=\"257\" src=\"https:\/\/joeymartinluthier.fr\/wp-content\/uploads\/2022\/10\/FB_IMG_1666895890406-1-1024x1024.jpg\" alt=\"\" class=\"wp-image-257\" srcset=\"https:\/\/joeymartinluthier.fr\/wp-content\/uploads\/2022\/10\/FB_IMG_1666895890406-1-1024x1024.jpg 1024w, https:\/\/joeymartinluthier.fr\/wp-content\/uploads\/2022\/10\/FB_IMG_1666895890406-1-300x300.jpg 300w, https:\/\/joeymartinluthier.fr\/wp-content\/uploads\/2022\/10\/FB_IMG_1666895890406-1-150x150.jpg 150w, https:\/\/joeymartinluthier.fr\/wp-content\/uploads\/2022\/10\/FB_IMG_1666895890406-1-768x768.jpg 768w, https:\/\/joeymartinluthier.fr\/wp-content\/uploads\/2022\/10\/FB_IMG_1666895890406-1.jpg 1080w\" sizes=\"auto, (max-width: 1024px) 100vw, 1024px\" \/><\/figure>\n\n\n\n<figure class=\"wp-block-image size-large\"><img loading=\"lazy\" decoding=\"async\" width=\"680\" height=\"1024\" data-id=\"258\" src=\"https:\/\/joeymartinluthier.fr\/wp-content\/uploads\/2022\/10\/FLYER-STAGE_page-0001-1-1-680x1024.jpg\" alt=\"\" class=\"wp-image-258\" srcset=\"https:\/\/joeymartinluthier.fr\/wp-content\/uploads\/2022\/10\/FLYER-STAGE_page-0001-1-1-680x1024.jpg 680w, https:\/\/joeymartinluthier.fr\/wp-content\/uploads\/2022\/10\/FLYER-STAGE_page-0001-1-1-199x300.jpg 199w, https:\/\/joeymartinluthier.fr\/wp-content\/uploads\/2022\/10\/FLYER-STAGE_page-0001-1-1-768x1156.jpg 768w, https:\/\/joeymartinluthier.fr\/wp-content\/uploads\/2022\/10\/FLYER-STAGE_page-0001-1-1-1021x1536.jpg 1021w, https:\/\/joeymartinluthier.fr\/wp-content\/uploads\/2022\/10\/FLYER-STAGE_page-0001-1-1.jpg 1087w\" sizes=\"auto, (max-width: 680px) 100vw, 680px\" \/><\/figure>\n\n\n\n<figure class=\"wp-block-image size-large\"><img loading=\"lazy\" decoding=\"async\" width=\"819\" height=\"1024\" data-id=\"267\" src=\"https:\/\/joeymartinluthier.fr\/wp-content\/uploads\/2022\/10\/FB_IMG_1660857556191-819x1024.jpg\" alt=\"\" class=\"wp-image-267\" srcset=\"https:\/\/joeymartinluthier.fr\/wp-content\/uploads\/2022\/10\/FB_IMG_1660857556191-819x1024.jpg 819w, https:\/\/joeymartinluthier.fr\/wp-content\/uploads\/2022\/10\/FB_IMG_1660857556191-240x300.jpg 240w, https:\/\/joeymartinluthier.fr\/wp-content\/uploads\/2022\/10\/FB_IMG_1660857556191-768x960.jpg 768w, https:\/\/joeymartinluthier.fr\/wp-content\/uploads\/2022\/10\/FB_IMG_1660857556191.jpg 1080w\" sizes=\"auto, (max-width: 819px) 100vw, 819px\" \/><\/figure>\n<\/figure>\n\n\n\n<figure class=\"wp-block-gallery alignwide has-nested-images columns-default is-cropped wp-block-gallery-4 is-layout-flex wp-block-gallery-is-layout-flex\">\n<figure class=\"wp-block-image size-large\"><img loading=\"lazy\" decoding=\"async\" width=\"683\" height=\"1024\" data-id=\"337\" src=\"https:\/\/joeymartinluthier.fr\/wp-content\/uploads\/2023\/05\/WhatsApp-Image-2023-04-26-at-20.12.07-1-683x1024.jpeg\" alt=\"\" class=\"wp-image-337\" srcset=\"https:\/\/joeymartinluthier.fr\/wp-content\/uploads\/2023\/05\/WhatsApp-Image-2023-04-26-at-20.12.07-1-683x1024.jpeg 683w, https:\/\/joeymartinluthier.fr\/wp-content\/uploads\/2023\/05\/WhatsApp-Image-2023-04-26-at-20.12.07-1-200x300.jpeg 200w, https:\/\/joeymartinluthier.fr\/wp-content\/uploads\/2023\/05\/WhatsApp-Image-2023-04-26-at-20.12.07-1-768x1152.jpeg 768w, https:\/\/joeymartinluthier.fr\/wp-content\/uploads\/2023\/05\/WhatsApp-Image-2023-04-26-at-20.12.07-1-1024x1536.jpeg 1024w, https:\/\/joeymartinluthier.fr\/wp-content\/uploads\/2023\/05\/WhatsApp-Image-2023-04-26-at-20.12.07-1.jpeg 1365w\" sizes=\"auto, (max-width: 683px) 100vw, 683px\" \/><\/figure>\n\n\n\n<figure class=\"wp-block-image size-large\"><img loading=\"lazy\" decoding=\"async\" width=\"723\" height=\"1024\" data-id=\"339\" src=\"https:\/\/joeymartinluthier.fr\/wp-content\/uploads\/2023\/05\/WhatsApp-Image-2023-04-26-at-20.12.09-723x1024.jpeg\" alt=\"\" class=\"wp-image-339\" srcset=\"https:\/\/joeymartinluthier.fr\/wp-content\/uploads\/2023\/05\/WhatsApp-Image-2023-04-26-at-20.12.09-723x1024.jpeg 723w, https:\/\/joeymartinluthier.fr\/wp-content\/uploads\/2023\/05\/WhatsApp-Image-2023-04-26-at-20.12.09-212x300.jpeg 212w, https:\/\/joeymartinluthier.fr\/wp-content\/uploads\/2023\/05\/WhatsApp-Image-2023-04-26-at-20.12.09-768x1088.jpeg 768w, https:\/\/joeymartinluthier.fr\/wp-content\/uploads\/2023\/05\/WhatsApp-Image-2023-04-26-at-20.12.09-1085x1536.jpeg 1085w, https:\/\/joeymartinluthier.fr\/wp-content\/uploads\/2023\/05\/WhatsApp-Image-2023-04-26-at-20.12.09.jpeg 1446w\" sizes=\"auto, (max-width: 723px) 100vw, 723px\" \/><\/figure>\n\n\n\n<figure class=\"wp-block-image size-large\"><img loading=\"lazy\" decoding=\"async\" width=\"683\" height=\"1024\" data-id=\"338\" src=\"https:\/\/joeymartinluthier.fr\/wp-content\/uploads\/2023\/05\/WhatsApp-Image-2023-04-26-at-20.12.10-1-683x1024.jpeg\" alt=\"\" class=\"wp-image-338\" srcset=\"https:\/\/joeymartinluthier.fr\/wp-content\/uploads\/2023\/05\/WhatsApp-Image-2023-04-26-at-20.12.10-1-683x1024.jpeg 683w, https:\/\/joeymartinluthier.fr\/wp-content\/uploads\/2023\/05\/WhatsApp-Image-2023-04-26-at-20.12.10-1-200x300.jpeg 200w, https:\/\/joeymartinluthier.fr\/wp-content\/uploads\/2023\/05\/WhatsApp-Image-2023-04-26-at-20.12.10-1-768x1152.jpeg 768w, https:\/\/joeymartinluthier.fr\/wp-content\/uploads\/2023\/05\/WhatsApp-Image-2023-04-26-at-20.12.10-1-1024x1536.jpeg 1024w, https:\/\/joeymartinluthier.fr\/wp-content\/uploads\/2023\/05\/WhatsApp-Image-2023-04-26-at-20.12.10-1.jpeg 1365w\" sizes=\"auto, (max-width: 683px) 100vw, 683px\" \/><\/figure>\n<\/figure>\n\n\n\n<figure class=\"wp-block-gallery alignwide has-nested-images columns-default is-cropped wp-block-gallery-5 is-layout-flex wp-block-gallery-is-layout-flex\">\n<figure class=\"wp-block-image size-large\"><img loading=\"lazy\" decoding=\"async\" width=\"1024\" height=\"683\" data-id=\"443\" src=\"https:\/\/joeymartinluthier.fr\/wp-content\/uploads\/2024\/08\/13_07_2024_Blues_express_High-2-1-1024x683.jpeg\" alt=\"\" class=\"wp-image-443\" srcset=\"https:\/\/joeymartinluthier.fr\/wp-content\/uploads\/2024\/08\/13_07_2024_Blues_express_High-2-1-1024x683.jpeg 1024w, https:\/\/joeymartinluthier.fr\/wp-content\/uploads\/2024\/08\/13_07_2024_Blues_express_High-2-1-300x200.jpeg 300w, https:\/\/joeymartinluthier.fr\/wp-content\/uploads\/2024\/08\/13_07_2024_Blues_express_High-2-1-768x512.jpeg 768w\" sizes=\"auto, (max-width: 1024px) 100vw, 1024px\" \/><\/figure>\n\n\n\n<figure class=\"wp-block-image size-large\"><img loading=\"lazy\" decoding=\"async\" width=\"1024\" height=\"683\" data-id=\"444\" src=\"https:\/\/joeymartinluthier.fr\/wp-content\/uploads\/2024\/08\/13_07_2024_Blues_express_High-10-1-1024x683.jpeg\" alt=\"\" class=\"wp-image-444\" srcset=\"https:\/\/joeymartinluthier.fr\/wp-content\/uploads\/2024\/08\/13_07_2024_Blues_express_High-10-1-1024x683.jpeg 1024w, https:\/\/joeymartinluthier.fr\/wp-content\/uploads\/2024\/08\/13_07_2024_Blues_express_High-10-1-300x200.jpeg 300w, https:\/\/joeymartinluthier.fr\/wp-content\/uploads\/2024\/08\/13_07_2024_Blues_express_High-10-1-768x512.jpeg 768w, https:\/\/joeymartinluthier.fr\/wp-content\/uploads\/2024\/08\/13_07_2024_Blues_express_High-10-1-1536x1024.jpeg 1536w, https:\/\/joeymartinluthier.fr\/wp-content\/uploads\/2024\/08\/13_07_2024_Blues_express_High-10-1-2048x1365.jpeg 2048w, https:\/\/joeymartinluthier.fr\/wp-content\/uploads\/2024\/08\/13_07_2024_Blues_express_High-10-1-1568x1045.jpeg 1568w\" sizes=\"auto, (max-width: 1024px) 100vw, 1024px\" \/><\/figure>\n<\/figure>\n\n\n\n<figure class=\"wp-block-video\"><\/figure>\n","protected":false},"excerpt":{"rendered":"<p>Joey MARTIN Luthier Fabrications, R\u00e9parations, Stages, Bobinage micros Qui suis-je ? C&rsquo;est dans la commune de Pagny sur Moselle, au 1 rue du 11 novembre , que vous trouverez mon atelier de lutherie. Guitariste autodidacte , j&rsquo;ai aussi commenc\u00e9 la lutherie en autodidacte, jusqu&rsquo;\u00e0 mon int\u00e9gration de l&rsquo;ITEMM( Institue technologique des m\u00e9tiers de la musique&hellip; <a class=\"more-link\" href=\"https:\/\/joeymartinluthier.fr\/\">Poursuivre la lecture <span class=\"screen-reader-text\">Page d&rsquo;accueil<\/span><\/a><\/p>\n","protected":false},"author":1,"featured_media":0,"parent":0,"menu_order":0,"comment_status":"closed","ping_status":"closed","template":"","meta":{"footnotes":""},"class_list":["post-5","page","type-page","status-publish","hentry","entry"],"_links":{"self":[{"href":"https:\/\/joeymartinluthier.fr\/index.php\/wp-json\/wp\/v2\/pages\/5","targetHints":{"allow":["GET"]}}],"collection":[{"href":"https:\/\/joeymartinluthier.fr\/index.php\/wp-json\/wp\/v2\/pages"}],"about":[{"href":"https:\/\/joeymartinluthier.fr\/index.php\/wp-json\/wp\/v2\/types\/page"}],"author":[{"embeddable":true,"href":"https:\/\/joeymartinluthier.fr\/index.php\/wp-json\/wp\/v2\/users\/1"}],"replies":[{"embeddable":true,"href":"https:\/\/joeymartinluthier.fr\/index.php\/wp-json\/wp\/v2\/comments?post=5"}],"version-history":[{"count":47,"href":"https:\/\/joeymartinluthier.fr\/index.php\/wp-json\/wp\/v2\/pages\/5\/revisions"}],"predecessor-version":[{"id":567,"href":"https:\/\/joeymartinluthier.fr\/index.php\/wp-json\/wp\/v2\/pages\/5\/revisions\/567"}],"wp:attachment":[{"href":"https:\/\/joeymartinluthier.fr\/index.php\/wp-json\/wp\/v2\/media?parent=5"}],"curies":[{"name":"wp","href":"https:\/\/api.w.org\/{rel}","templated":true}]}}