{"id":2,"date":"2022-04-21T11:26:26","date_gmt":"2022-04-21T09:26:26","guid":{"rendered":"http:\/\/joeymartinluthier.fr\/?page_id=2"},"modified":"2025-11-14T06:40:18","modified_gmt":"2025-11-14T05:40:18","slug":"stage","status":"publish","type":"page","link":"https:\/\/joeymartinluthier.fr\/index.php\/stage\/","title":{"rendered":"Stages"},"content":{"rendered":"\n<p class=\"has-extra-large-font-size\">Vous avez toujours eu envie de fabriquer votre guitare ,votre basse ou d&rsquo;apprendre \u00e0 r\u00e9gler et entretenir vos instruments  ? C&rsquo;est ici qu&rsquo;il faut venir !  <\/p>\n\n\n\n<div class=\"wp-block-media-text alignwide is-stacked-on-mobile\"><figure class=\"wp-block-media-text__media\"><img loading=\"lazy\" decoding=\"async\" width=\"682\" height=\"1024\" src=\"https:\/\/joeymartinluthier.fr\/wp-content\/uploads\/2024\/01\/363394127_786453483483091_6267051891892290091_n-682x1024.jpg\" alt=\"\" class=\"wp-image-373 size-full\" srcset=\"https:\/\/joeymartinluthier.fr\/wp-content\/uploads\/2024\/01\/363394127_786453483483091_6267051891892290091_n-682x1024.jpg 682w, https:\/\/joeymartinluthier.fr\/wp-content\/uploads\/2024\/01\/363394127_786453483483091_6267051891892290091_n-200x300.jpg 200w, https:\/\/joeymartinluthier.fr\/wp-content\/uploads\/2024\/01\/363394127_786453483483091_6267051891892290091_n-768x1153.jpg 768w, https:\/\/joeymartinluthier.fr\/wp-content\/uploads\/2024\/01\/363394127_786453483483091_6267051891892290091_n-1023x1536.jpg 1023w, https:\/\/joeymartinluthier.fr\/wp-content\/uploads\/2024\/01\/363394127_786453483483091_6267051891892290091_n.jpg 1364w\" sizes=\"auto, (max-width: 682px) 100vw, 682px\" \/><\/figure><div class=\"wp-block-media-text__content\">\n<p><\/p>\n\n\n\n<p class=\"has-extra-large-font-size\">Stage R\u00e9glages : <\/p>\n\n\n\n<p class=\"has-extra-large-font-size\">Apprends \u00e0 optimiser tes instruments avec une m\u00e9thode simple et efficace ( support fourni ) <\/p>\n\n\n\n<p class=\"has-extra-large-font-size\">4H de formation = 450 euros<\/p>\n<\/div><\/div>\n\n\n\n<div class=\"wp-block-columns is-layout-flex wp-container-core-columns-is-layout-9d6595d7 wp-block-columns-is-layout-flex\">\n<div class=\"wp-block-column is-layout-flow wp-block-column-is-layout-flow\">\n<p class=\"has-extra-large-font-size\"><strong><em>Option 1 :<\/em><\/strong><\/p>\n\n\n\n<p>Fabrication compl\u00e8te guitare ou basse \u00e9lectrique <\/p>\n\n\n\n<p>                              A partir de 2300 euros <\/p>\n<\/div>\n\n\n\n<div class=\"wp-block-column is-layout-flow wp-block-column-is-layout-flow\">\n<p class=\"has-extra-large-font-size\"><em><strong>Option 2 <\/strong>:<\/em><\/p>\n\n\n\n<p>Fabrication guitare ou basse \u00e9lectrique sans fa\u00e7onnage de manche <\/p>\n\n\n\n<p>A partir de 1600 euros  <\/p>\n<\/div>\n\n\n\n<div class=\"wp-block-column is-layout-flow wp-block-column-is-layout-flow\">\n<p class=\"has-white-color has-text-color has-extra-large-font-size\"><em><strong>Option 3 <\/strong>:<\/em><\/p>\n\n\n\n<p>Montage d&rsquo;un kit, planim\u00e9trie , sillet , montage et r\u00e9glage <\/p>\n\n\n\n<p>A partir de 700 euros <\/p>\n<\/div>\n<\/div>\n\n\n\n<div style=\"height:99px\" aria-hidden=\"true\" class=\"wp-block-spacer\"><\/div>\n\n\n\n<figure class=\"wp-block-gallery alignwide has-nested-images columns-default is-cropped wp-block-gallery-1 is-layout-flex wp-block-gallery-is-layout-flex\">\n<figure class=\"wp-block-image size-large\"><img loading=\"lazy\" decoding=\"async\" width=\"768\" height=\"1024\" data-id=\"532\" src=\"https:\/\/joeymartinluthier.fr\/wp-content\/uploads\/2025\/11\/WhatsApp-Image-2025-11-14-at-06.38.16-768x1024.jpeg\" alt=\"\" class=\"wp-image-532\" srcset=\"https:\/\/joeymartinluthier.fr\/wp-content\/uploads\/2025\/11\/WhatsApp-Image-2025-11-14-at-06.38.16-768x1024.jpeg 768w, https:\/\/joeymartinluthier.fr\/wp-content\/uploads\/2025\/11\/WhatsApp-Image-2025-11-14-at-06.38.16-225x300.jpeg 225w, https:\/\/joeymartinluthier.fr\/wp-content\/uploads\/2025\/11\/WhatsApp-Image-2025-11-14-at-06.38.16-1152x1536.jpeg 1152w, https:\/\/joeymartinluthier.fr\/wp-content\/uploads\/2025\/11\/WhatsApp-Image-2025-11-14-at-06.38.16.jpeg 1200w\" sizes=\"auto, (max-width: 768px) 100vw, 768px\" \/><\/figure>\n\n\n\n<figure class=\"wp-block-image size-large\"><img loading=\"lazy\" decoding=\"async\" width=\"768\" height=\"1024\" data-id=\"531\" src=\"https:\/\/joeymartinluthier.fr\/wp-content\/uploads\/2025\/11\/WhatsApp-Image-2025-11-14-at-06.38.16-1-768x1024.jpeg\" alt=\"\" class=\"wp-image-531\" srcset=\"https:\/\/joeymartinluthier.fr\/wp-content\/uploads\/2025\/11\/WhatsApp-Image-2025-11-14-at-06.38.16-1-768x1024.jpeg 768w, https:\/\/joeymartinluthier.fr\/wp-content\/uploads\/2025\/11\/WhatsApp-Image-2025-11-14-at-06.38.16-1-225x300.jpeg 225w, https:\/\/joeymartinluthier.fr\/wp-content\/uploads\/2025\/11\/WhatsApp-Image-2025-11-14-at-06.38.16-1-1152x1536.jpeg 1152w, https:\/\/joeymartinluthier.fr\/wp-content\/uploads\/2025\/11\/WhatsApp-Image-2025-11-14-at-06.38.16-1.jpeg 1200w\" sizes=\"auto, (max-width: 768px) 100vw, 768px\" \/><\/figure>\n<\/figure>\n\n\n\n<figure class=\"wp-block-gallery alignwide has-nested-images columns-default is-cropped wp-block-gallery-2 is-layout-flex wp-block-gallery-is-layout-flex\">\n<figure class=\"wp-block-image size-large\"><img loading=\"lazy\" decoding=\"async\" width=\"768\" height=\"1024\" data-id=\"529\" src=\"https:\/\/joeymartinluthier.fr\/wp-content\/uploads\/2025\/11\/571412402_10239601566439083_8922418979786098822_n-768x1024.jpg\" alt=\"\" class=\"wp-image-529\" srcset=\"https:\/\/joeymartinluthier.fr\/wp-content\/uploads\/2025\/11\/571412402_10239601566439083_8922418979786098822_n-768x1024.jpg 768w, https:\/\/joeymartinluthier.fr\/wp-content\/uploads\/2025\/11\/571412402_10239601566439083_8922418979786098822_n-225x300.jpg 225w, https:\/\/joeymartinluthier.fr\/wp-content\/uploads\/2025\/11\/571412402_10239601566439083_8922418979786098822_n-1152x1536.jpg 1152w, https:\/\/joeymartinluthier.fr\/wp-content\/uploads\/2025\/11\/571412402_10239601566439083_8922418979786098822_n.jpg 1536w\" sizes=\"auto, (max-width: 768px) 100vw, 768px\" \/><\/figure>\n\n\n\n<figure class=\"wp-block-image size-large\"><img loading=\"lazy\" decoding=\"async\" width=\"683\" height=\"1024\" data-id=\"528\" src=\"https:\/\/joeymartinluthier.fr\/wp-content\/uploads\/2025\/11\/WhatsApp-Image-2025-08-26-a-23.42.21_0e5e9f4a-683x1024.jpg\" alt=\"\" class=\"wp-image-528\" srcset=\"https:\/\/joeymartinluthier.fr\/wp-content\/uploads\/2025\/11\/WhatsApp-Image-2025-08-26-a-23.42.21_0e5e9f4a-683x1024.jpg 683w, https:\/\/joeymartinluthier.fr\/wp-content\/uploads\/2025\/11\/WhatsApp-Image-2025-08-26-a-23.42.21_0e5e9f4a-200x300.jpg 200w, https:\/\/joeymartinluthier.fr\/wp-content\/uploads\/2025\/11\/WhatsApp-Image-2025-08-26-a-23.42.21_0e5e9f4a-768x1152.jpg 768w, https:\/\/joeymartinluthier.fr\/wp-content\/uploads\/2025\/11\/WhatsApp-Image-2025-08-26-a-23.42.21_0e5e9f4a-1024x1536.jpg 1024w, https:\/\/joeymartinluthier.fr\/wp-content\/uploads\/2025\/11\/WhatsApp-Image-2025-08-26-a-23.42.21_0e5e9f4a.jpg 1365w\" sizes=\"auto, (max-width: 683px) 100vw, 683px\" \/><\/figure>\n<\/figure>\n\n\n\n<figure class=\"wp-block-gallery alignwide has-nested-images columns-default is-cropped wp-block-gallery-3 is-layout-flex wp-block-gallery-is-layout-flex\">\n<figure class=\"wp-block-image size-large\"><img loading=\"lazy\" decoding=\"async\" width=\"768\" height=\"1024\" data-id=\"498\" src=\"https:\/\/joeymartinluthier.fr\/wp-content\/uploads\/2025\/07\/1752301063134-768x1024.jpg\" alt=\"\" class=\"wp-image-498\" srcset=\"https:\/\/joeymartinluthier.fr\/wp-content\/uploads\/2025\/07\/1752301063134-768x1024.jpg 768w, https:\/\/joeymartinluthier.fr\/wp-content\/uploads\/2025\/07\/1752301063134-225x300.jpg 225w, https:\/\/joeymartinluthier.fr\/wp-content\/uploads\/2025\/07\/1752301063134-1152x1536.jpg 1152w, https:\/\/joeymartinluthier.fr\/wp-content\/uploads\/2025\/07\/1752301063134-1536x2048.jpg 1536w, https:\/\/joeymartinluthier.fr\/wp-content\/uploads\/2025\/07\/1752301063134-1568x2091.jpg 1568w, https:\/\/joeymartinluthier.fr\/wp-content\/uploads\/2025\/07\/1752301063134-scaled.jpg 1920w\" sizes=\"auto, (max-width: 768px) 100vw, 768px\" \/><\/figure>\n\n\n\n<figure class=\"wp-block-image size-large\"><img loading=\"lazy\" decoding=\"async\" width=\"768\" height=\"1024\" data-id=\"499\" src=\"https:\/\/joeymartinluthier.fr\/wp-content\/uploads\/2025\/07\/1752301036940-1-768x1024.jpg\" alt=\"\" class=\"wp-image-499\" srcset=\"https:\/\/joeymartinluthier.fr\/wp-content\/uploads\/2025\/07\/1752301036940-1-768x1024.jpg 768w, https:\/\/joeymartinluthier.fr\/wp-content\/uploads\/2025\/07\/1752301036940-1-225x300.jpg 225w, https:\/\/joeymartinluthier.fr\/wp-content\/uploads\/2025\/07\/1752301036940-1-1152x1536.jpg 1152w, https:\/\/joeymartinluthier.fr\/wp-content\/uploads\/2025\/07\/1752301036940-1-1536x2048.jpg 1536w, https:\/\/joeymartinluthier.fr\/wp-content\/uploads\/2025\/07\/1752301036940-1-1568x2091.jpg 1568w, https:\/\/joeymartinluthier.fr\/wp-content\/uploads\/2025\/07\/1752301036940-1-scaled.jpg 1920w\" sizes=\"auto, (max-width: 768px) 100vw, 768px\" \/><\/figure>\n<\/figure>\n\n\n\n<figure class=\"wp-block-gallery alignwide has-nested-images columns-default is-cropped wp-block-gallery-4 is-layout-flex wp-block-gallery-is-layout-flex\">\n<figure class=\"wp-block-image size-large\"><img loading=\"lazy\" decoding=\"async\" width=\"768\" height=\"1024\" data-id=\"446\" src=\"https:\/\/joeymartinluthier.fr\/wp-content\/uploads\/2024\/08\/1722839052403-768x1024.jpg\" alt=\"\" class=\"wp-image-446\" srcset=\"https:\/\/joeymartinluthier.fr\/wp-content\/uploads\/2024\/08\/1722839052403-768x1024.jpg 768w, https:\/\/joeymartinluthier.fr\/wp-content\/uploads\/2024\/08\/1722839052403-225x300.jpg 225w, https:\/\/joeymartinluthier.fr\/wp-content\/uploads\/2024\/08\/1722839052403-1152x1536.jpg 1152w, https:\/\/joeymartinluthier.fr\/wp-content\/uploads\/2024\/08\/1722839052403-1536x2048.jpg 1536w, https:\/\/joeymartinluthier.fr\/wp-content\/uploads\/2024\/08\/1722839052403-1568x2091.jpg 1568w, https:\/\/joeymartinluthier.fr\/wp-content\/uploads\/2024\/08\/1722839052403-scaled.jpg 1920w\" sizes=\"auto, (max-width: 768px) 100vw, 768px\" \/><\/figure>\n\n\n\n<figure class=\"wp-block-image size-large\"><img loading=\"lazy\" decoding=\"async\" width=\"768\" height=\"1024\" data-id=\"447\" src=\"https:\/\/joeymartinluthier.fr\/wp-content\/uploads\/2024\/08\/1722839066488-768x1024.jpg\" alt=\"\" class=\"wp-image-447\" srcset=\"https:\/\/joeymartinluthier.fr\/wp-content\/uploads\/2024\/08\/1722839066488-768x1024.jpg 768w, https:\/\/joeymartinluthier.fr\/wp-content\/uploads\/2024\/08\/1722839066488-225x300.jpg 225w, https:\/\/joeymartinluthier.fr\/wp-content\/uploads\/2024\/08\/1722839066488-1152x1536.jpg 1152w, https:\/\/joeymartinluthier.fr\/wp-content\/uploads\/2024\/08\/1722839066488-1536x2048.jpg 1536w, https:\/\/joeymartinluthier.fr\/wp-content\/uploads\/2024\/08\/1722839066488-1568x2091.jpg 1568w, https:\/\/joeymartinluthier.fr\/wp-content\/uploads\/2024\/08\/1722839066488-scaled.jpg 1920w\" sizes=\"auto, (max-width: 768px) 100vw, 768px\" \/><\/figure>\n<\/figure>\n\n\n\n<figure class=\"wp-block-gallery alignwide has-nested-images columns-default is-cropped wp-block-gallery-5 is-layout-flex wp-block-gallery-is-layout-flex\">\n<figure class=\"wp-block-image size-large\"><img loading=\"lazy\" decoding=\"async\" width=\"683\" height=\"1024\" data-id=\"411\" src=\"https:\/\/joeymartinluthier.fr\/wp-content\/uploads\/2024\/05\/WhatsApp-Image-2024-04-20-at-19.11.30-1-2-683x1024.jpeg\" alt=\"\" class=\"wp-image-411\" srcset=\"https:\/\/joeymartinluthier.fr\/wp-content\/uploads\/2024\/05\/WhatsApp-Image-2024-04-20-at-19.11.30-1-2-683x1024.jpeg 683w, https:\/\/joeymartinluthier.fr\/wp-content\/uploads\/2024\/05\/WhatsApp-Image-2024-04-20-at-19.11.30-1-2-200x300.jpeg 200w, https:\/\/joeymartinluthier.fr\/wp-content\/uploads\/2024\/05\/WhatsApp-Image-2024-04-20-at-19.11.30-1-2-768x1152.jpeg 768w, https:\/\/joeymartinluthier.fr\/wp-content\/uploads\/2024\/05\/WhatsApp-Image-2024-04-20-at-19.11.30-1-2-1024x1536.jpeg 1024w, https:\/\/joeymartinluthier.fr\/wp-content\/uploads\/2024\/05\/WhatsApp-Image-2024-04-20-at-19.11.30-1-2.jpeg 1040w\" sizes=\"auto, (max-width: 683px) 100vw, 683px\" \/><\/figure>\n\n\n\n<figure class=\"wp-block-image size-large\"><img loading=\"lazy\" decoding=\"async\" width=\"768\" height=\"1024\" data-id=\"412\" src=\"https:\/\/joeymartinluthier.fr\/wp-content\/uploads\/2024\/05\/416495577_10231669392299687_7992340124402054698_n-1-768x1024.jpg\" alt=\"\" class=\"wp-image-412\" srcset=\"https:\/\/joeymartinluthier.fr\/wp-content\/uploads\/2024\/05\/416495577_10231669392299687_7992340124402054698_n-1-768x1024.jpg 768w, https:\/\/joeymartinluthier.fr\/wp-content\/uploads\/2024\/05\/416495577_10231669392299687_7992340124402054698_n-1-225x300.jpg 225w, https:\/\/joeymartinluthier.fr\/wp-content\/uploads\/2024\/05\/416495577_10231669392299687_7992340124402054698_n-1-1152x1536.jpg 1152w, https:\/\/joeymartinluthier.fr\/wp-content\/uploads\/2024\/05\/416495577_10231669392299687_7992340124402054698_n-1.jpg 1536w\" sizes=\"auto, (max-width: 768px) 100vw, 768px\" \/><\/figure>\n\n\n\n<figure class=\"wp-block-image size-large\"><img loading=\"lazy\" decoding=\"async\" width=\"683\" height=\"1024\" data-id=\"408\" src=\"https:\/\/joeymartinluthier.fr\/wp-content\/uploads\/2024\/05\/WhatsApp-Image-2024-03-24-at-13.36.49-1-683x1024.jpeg\" alt=\"\" class=\"wp-image-408\" srcset=\"https:\/\/joeymartinluthier.fr\/wp-content\/uploads\/2024\/05\/WhatsApp-Image-2024-03-24-at-13.36.49-1-683x1024.jpeg 683w, https:\/\/joeymartinluthier.fr\/wp-content\/uploads\/2024\/05\/WhatsApp-Image-2024-03-24-at-13.36.49-1-200x300.jpeg 200w, https:\/\/joeymartinluthier.fr\/wp-content\/uploads\/2024\/05\/WhatsApp-Image-2024-03-24-at-13.36.49-1-768x1152.jpeg 768w, https:\/\/joeymartinluthier.fr\/wp-content\/uploads\/2024\/05\/WhatsApp-Image-2024-03-24-at-13.36.49-1-1024x1536.jpeg 1024w, https:\/\/joeymartinluthier.fr\/wp-content\/uploads\/2024\/05\/WhatsApp-Image-2024-03-24-at-13.36.49-1.jpeg 1040w\" sizes=\"auto, (max-width: 683px) 100vw, 683px\" \/><\/figure>\n<\/figure>\n\n\n\n<figure class=\"wp-block-gallery alignwide has-nested-images columns-default is-cropped wp-block-gallery-6 is-layout-flex wp-block-gallery-is-layout-flex\">\n<figure class=\"wp-block-image size-large\"><img loading=\"lazy\" decoding=\"async\" width=\"461\" height=\"1024\" data-id=\"370\" src=\"https:\/\/joeymartinluthier.fr\/wp-content\/uploads\/2023\/10\/IMG_20230219_161527-1-461x1024.jpg\" alt=\"\" class=\"wp-image-370\" srcset=\"https:\/\/joeymartinluthier.fr\/wp-content\/uploads\/2023\/10\/IMG_20230219_161527-1-461x1024.jpg 461w, https:\/\/joeymartinluthier.fr\/wp-content\/uploads\/2023\/10\/IMG_20230219_161527-1-135x300.jpg 135w, https:\/\/joeymartinluthier.fr\/wp-content\/uploads\/2023\/10\/IMG_20230219_161527-1-768x1707.jpg 768w, https:\/\/joeymartinluthier.fr\/wp-content\/uploads\/2023\/10\/IMG_20230219_161527-1-691x1536.jpg 691w, https:\/\/joeymartinluthier.fr\/wp-content\/uploads\/2023\/10\/IMG_20230219_161527-1-922x2048.jpg 922w, https:\/\/joeymartinluthier.fr\/wp-content\/uploads\/2023\/10\/IMG_20230219_161527-1-1568x3484.jpg 1568w, https:\/\/joeymartinluthier.fr\/wp-content\/uploads\/2023\/10\/IMG_20230219_161527-1-scaled.jpg 1152w\" sizes=\"auto, (max-width: 461px) 100vw, 461px\" \/><\/figure>\n\n\n\n<figure class=\"wp-block-image size-large\"><img loading=\"lazy\" decoding=\"async\" width=\"653\" height=\"1024\" data-id=\"366\" src=\"https:\/\/joeymartinluthier.fr\/wp-content\/uploads\/2023\/10\/IMG_20230311_182045-653x1024.jpg\" alt=\"\" class=\"wp-image-366\" srcset=\"https:\/\/joeymartinluthier.fr\/wp-content\/uploads\/2023\/10\/IMG_20230311_182045-653x1024.jpg 653w, https:\/\/joeymartinluthier.fr\/wp-content\/uploads\/2023\/10\/IMG_20230311_182045-191x300.jpg 191w, https:\/\/joeymartinluthier.fr\/wp-content\/uploads\/2023\/10\/IMG_20230311_182045-768x1205.jpg 768w, https:\/\/joeymartinluthier.fr\/wp-content\/uploads\/2023\/10\/IMG_20230311_182045-979x1536.jpg 979w, https:\/\/joeymartinluthier.fr\/wp-content\/uploads\/2023\/10\/IMG_20230311_182045-1305x2048.jpg 1305w, https:\/\/joeymartinluthier.fr\/wp-content\/uploads\/2023\/10\/IMG_20230311_182045-1568x2460.jpg 1568w, https:\/\/joeymartinluthier.fr\/wp-content\/uploads\/2023\/10\/IMG_20230311_182045-scaled.jpg 1632w\" sizes=\"auto, (max-width: 653px) 100vw, 653px\" \/><\/figure>\n\n\n\n<figure class=\"wp-block-image size-large\"><img loading=\"lazy\" decoding=\"async\" width=\"583\" height=\"1024\" data-id=\"367\" src=\"https:\/\/joeymartinluthier.fr\/wp-content\/uploads\/2023\/10\/IMG_20230617_203640-583x1024.jpg\" alt=\"\" class=\"wp-image-367\" srcset=\"https:\/\/joeymartinluthier.fr\/wp-content\/uploads\/2023\/10\/IMG_20230617_203640-583x1024.jpg 583w, https:\/\/joeymartinluthier.fr\/wp-content\/uploads\/2023\/10\/IMG_20230617_203640-171x300.jpg 171w, https:\/\/joeymartinluthier.fr\/wp-content\/uploads\/2023\/10\/IMG_20230617_203640-768x1350.jpg 768w, https:\/\/joeymartinluthier.fr\/wp-content\/uploads\/2023\/10\/IMG_20230617_203640-874x1536.jpg 874w, https:\/\/joeymartinluthier.fr\/wp-content\/uploads\/2023\/10\/IMG_20230617_203640-1165x2048.jpg 1165w, https:\/\/joeymartinluthier.fr\/wp-content\/uploads\/2023\/10\/IMG_20230617_203640-1568x2756.jpg 1568w, https:\/\/joeymartinluthier.fr\/wp-content\/uploads\/2023\/10\/IMG_20230617_203640-scaled.jpg 1456w\" sizes=\"auto, (max-width: 583px) 100vw, 583px\" \/><\/figure>\n\n\n\n<figure class=\"wp-block-image size-large\"><img loading=\"lazy\" decoding=\"async\" width=\"461\" height=\"1024\" data-id=\"368\" src=\"https:\/\/joeymartinluthier.fr\/wp-content\/uploads\/2023\/10\/IMG_20230725_091817-461x1024.jpg\" alt=\"\" class=\"wp-image-368\" srcset=\"https:\/\/joeymartinluthier.fr\/wp-content\/uploads\/2023\/10\/IMG_20230725_091817-461x1024.jpg 461w, https:\/\/joeymartinluthier.fr\/wp-content\/uploads\/2023\/10\/IMG_20230725_091817-135x300.jpg 135w, https:\/\/joeymartinluthier.fr\/wp-content\/uploads\/2023\/10\/IMG_20230725_091817-768x1707.jpg 768w, https:\/\/joeymartinluthier.fr\/wp-content\/uploads\/2023\/10\/IMG_20230725_091817-691x1536.jpg 691w, https:\/\/joeymartinluthier.fr\/wp-content\/uploads\/2023\/10\/IMG_20230725_091817-922x2048.jpg 922w, https:\/\/joeymartinluthier.fr\/wp-content\/uploads\/2023\/10\/IMG_20230725_091817-1568x3484.jpg 1568w, https:\/\/joeymartinluthier.fr\/wp-content\/uploads\/2023\/10\/IMG_20230725_091817-scaled.jpg 1152w\" sizes=\"auto, (max-width: 461px) 100vw, 461px\" \/><\/figure>\n\n\n\n<figure class=\"wp-block-image size-large\"><img loading=\"lazy\" decoding=\"async\" width=\"639\" height=\"1024\" data-id=\"365\" src=\"https:\/\/joeymartinluthier.fr\/wp-content\/uploads\/2023\/10\/WhatsApp-Image-2023-09-23-at-18.03.02-639x1024.jpeg\" alt=\"\" class=\"wp-image-365\" srcset=\"https:\/\/joeymartinluthier.fr\/wp-content\/uploads\/2023\/10\/WhatsApp-Image-2023-09-23-at-18.03.02-639x1024.jpeg 639w, https:\/\/joeymartinluthier.fr\/wp-content\/uploads\/2023\/10\/WhatsApp-Image-2023-09-23-at-18.03.02-187x300.jpeg 187w, https:\/\/joeymartinluthier.fr\/wp-content\/uploads\/2023\/10\/WhatsApp-Image-2023-09-23-at-18.03.02-768x1230.jpeg 768w, https:\/\/joeymartinluthier.fr\/wp-content\/uploads\/2023\/10\/WhatsApp-Image-2023-09-23-at-18.03.02-959x1536.jpeg 959w, https:\/\/joeymartinluthier.fr\/wp-content\/uploads\/2023\/10\/WhatsApp-Image-2023-09-23-at-18.03.02.jpeg 999w\" sizes=\"auto, (max-width: 639px) 100vw, 639px\" \/><\/figure>\n<\/figure>\n\n\n\n<figure class=\"wp-block-gallery alignwide has-nested-images columns-default is-cropped wp-block-gallery-7 is-layout-flex wp-block-gallery-is-layout-flex\">\n<figure class=\"wp-block-image size-large\"><img loading=\"lazy\" decoding=\"async\" width=\"766\" height=\"1024\" data-id=\"239\" src=\"https:\/\/joeymartinluthier.fr\/wp-content\/uploads\/2022\/10\/IMG_20220901_173925-1-766x1024.jpg\" alt=\"\" class=\"wp-image-239\" srcset=\"https:\/\/joeymartinluthier.fr\/wp-content\/uploads\/2022\/10\/IMG_20220901_173925-1-766x1024.jpg 766w, https:\/\/joeymartinluthier.fr\/wp-content\/uploads\/2022\/10\/IMG_20220901_173925-1-224x300.jpg 224w, https:\/\/joeymartinluthier.fr\/wp-content\/uploads\/2022\/10\/IMG_20220901_173925-1-768x1027.jpg 768w, https:\/\/joeymartinluthier.fr\/wp-content\/uploads\/2022\/10\/IMG_20220901_173925-1-1149x1536.jpg 1149w, https:\/\/joeymartinluthier.fr\/wp-content\/uploads\/2022\/10\/IMG_20220901_173925-1-rotated.jpg 1252w\" sizes=\"auto, (max-width: 766px) 100vw, 766px\" \/><\/figure>\n\n\n\n<figure class=\"wp-block-image size-large\"><img loading=\"lazy\" decoding=\"async\" width=\"461\" height=\"1024\" data-id=\"242\" src=\"https:\/\/joeymartinluthier.fr\/wp-content\/uploads\/2022\/10\/IMG_20220902_175144-1-461x1024.jpg\" alt=\"\" class=\"wp-image-242\" srcset=\"https:\/\/joeymartinluthier.fr\/wp-content\/uploads\/2022\/10\/IMG_20220902_175144-1-461x1024.jpg 461w, https:\/\/joeymartinluthier.fr\/wp-content\/uploads\/2022\/10\/IMG_20220902_175144-1-135x300.jpg 135w, https:\/\/joeymartinluthier.fr\/wp-content\/uploads\/2022\/10\/IMG_20220902_175144-1-768x1707.jpg 768w, https:\/\/joeymartinluthier.fr\/wp-content\/uploads\/2022\/10\/IMG_20220902_175144-1-691x1536.jpg 691w, https:\/\/joeymartinluthier.fr\/wp-content\/uploads\/2022\/10\/IMG_20220902_175144-1-922x2048.jpg 922w, https:\/\/joeymartinluthier.fr\/wp-content\/uploads\/2022\/10\/IMG_20220902_175144-1-rotated.jpg 971w\" sizes=\"auto, (max-width: 461px) 100vw, 461px\" \/><\/figure>\n\n\n\n<figure class=\"wp-block-image size-large\"><img loading=\"lazy\" decoding=\"async\" width=\"461\" height=\"1024\" data-id=\"241\" src=\"https:\/\/joeymartinluthier.fr\/wp-content\/uploads\/2022\/10\/IMG_20220927_101442-1-461x1024.jpg\" alt=\"\" class=\"wp-image-241\" srcset=\"https:\/\/joeymartinluthier.fr\/wp-content\/uploads\/2022\/10\/IMG_20220927_101442-1-461x1024.jpg 461w, https:\/\/joeymartinluthier.fr\/wp-content\/uploads\/2022\/10\/IMG_20220927_101442-1-135x300.jpg 135w, https:\/\/joeymartinluthier.fr\/wp-content\/uploads\/2022\/10\/IMG_20220927_101442-1-768x1707.jpg 768w, https:\/\/joeymartinluthier.fr\/wp-content\/uploads\/2022\/10\/IMG_20220927_101442-1-691x1536.jpg 691w, https:\/\/joeymartinluthier.fr\/wp-content\/uploads\/2022\/10\/IMG_20220927_101442-1-922x2048.jpg 922w, https:\/\/joeymartinluthier.fr\/wp-content\/uploads\/2022\/10\/IMG_20220927_101442-1-rotated.jpg 971w\" sizes=\"auto, (max-width: 461px) 100vw, 461px\" \/><\/figure>\n\n\n\n<figure class=\"wp-block-image size-large\"><img loading=\"lazy\" decoding=\"async\" width=\"461\" height=\"1024\" data-id=\"240\" src=\"https:\/\/joeymartinluthier.fr\/wp-content\/uploads\/2022\/10\/IMG_20220929_142230-1-461x1024.jpg\" alt=\"\" class=\"wp-image-240\" srcset=\"https:\/\/joeymartinluthier.fr\/wp-content\/uploads\/2022\/10\/IMG_20220929_142230-1-461x1024.jpg 461w, https:\/\/joeymartinluthier.fr\/wp-content\/uploads\/2022\/10\/IMG_20220929_142230-1-135x300.jpg 135w, https:\/\/joeymartinluthier.fr\/wp-content\/uploads\/2022\/10\/IMG_20220929_142230-1-768x1707.jpg 768w, https:\/\/joeymartinluthier.fr\/wp-content\/uploads\/2022\/10\/IMG_20220929_142230-1-691x1536.jpg 691w, https:\/\/joeymartinluthier.fr\/wp-content\/uploads\/2022\/10\/IMG_20220929_142230-1-922x2048.jpg 922w, https:\/\/joeymartinluthier.fr\/wp-content\/uploads\/2022\/10\/IMG_20220929_142230-1-rotated.jpg 971w\" sizes=\"auto, (max-width: 461px) 100vw, 461px\" \/><\/figure>\n\n\n\n<figure class=\"wp-block-image size-large\"><img loading=\"lazy\" decoding=\"async\" width=\"461\" height=\"1024\" data-id=\"243\" src=\"https:\/\/joeymartinluthier.fr\/wp-content\/uploads\/2022\/10\/IMG_20221003_185200-1-461x1024.jpg\" alt=\"\" class=\"wp-image-243\" srcset=\"https:\/\/joeymartinluthier.fr\/wp-content\/uploads\/2022\/10\/IMG_20221003_185200-1-461x1024.jpg 461w, https:\/\/joeymartinluthier.fr\/wp-content\/uploads\/2022\/10\/IMG_20221003_185200-1-135x300.jpg 135w, https:\/\/joeymartinluthier.fr\/wp-content\/uploads\/2022\/10\/IMG_20221003_185200-1-768x1707.jpg 768w, https:\/\/joeymartinluthier.fr\/wp-content\/uploads\/2022\/10\/IMG_20221003_185200-1-691x1536.jpg 691w, https:\/\/joeymartinluthier.fr\/wp-content\/uploads\/2022\/10\/IMG_20221003_185200-1-922x2048.jpg 922w, https:\/\/joeymartinluthier.fr\/wp-content\/uploads\/2022\/10\/IMG_20221003_185200-1-rotated.jpg 971w\" sizes=\"auto, (max-width: 461px) 100vw, 461px\" \/><\/figure>\n<\/figure>\n","protected":false},"excerpt":{"rendered":"<p>Vous avez toujours eu envie de fabriquer votre guitare ,votre basse ou d&rsquo;apprendre \u00e0 r\u00e9gler et entretenir vos instruments ? C&rsquo;est ici qu&rsquo;il faut venir ! Stage R\u00e9glages : Apprends \u00e0 optimiser tes instruments avec une m\u00e9thode simple et efficace ( support fourni ) 4H de formation = 450 euros Option 1 : Fabrication compl\u00e8te&hellip; <a class=\"more-link\" href=\"https:\/\/joeymartinluthier.fr\/index.php\/stage\/\">Poursuivre la lecture <span class=\"screen-reader-text\">Stages<\/span><\/a><\/p>\n","protected":false},"author":1,"featured_media":0,"parent":0,"menu_order":0,"comment_status":"closed","ping_status":"open","template":"","meta":{"footnotes":""},"class_list":["post-2","page","type-page","status-publish","hentry","entry"],"_links":{"self":[{"href":"https:\/\/joeymartinluthier.fr\/index.php\/wp-json\/wp\/v2\/pages\/2","targetHints":{"allow":["GET"]}}],"collection":[{"href":"https:\/\/joeymartinluthier.fr\/index.php\/wp-json\/wp\/v2\/pages"}],"about":[{"href":"https:\/\/joeymartinluthier.fr\/index.php\/wp-json\/wp\/v2\/types\/page"}],"author":[{"embeddable":true,"href":"https:\/\/joeymartinluthier.fr\/index.php\/wp-json\/wp\/v2\/users\/1"}],"replies":[{"embeddable":true,"href":"https:\/\/joeymartinluthier.fr\/index.php\/wp-json\/wp\/v2\/comments?post=2"}],"version-history":[{"count":19,"href":"https:\/\/joeymartinluthier.fr\/index.php\/wp-json\/wp\/v2\/pages\/2\/revisions"}],"predecessor-version":[{"id":533,"href":"https:\/\/joeymartinluthier.fr\/index.php\/wp-json\/wp\/v2\/pages\/2\/revisions\/533"}],"wp:attachment":[{"href":"https:\/\/joeymartinluthier.fr\/index.php\/wp-json\/wp\/v2\/media?parent=2"}],"curies":[{"name":"wp","href":"https:\/\/api.w.org\/{rel}","templated":true}]}}